{"id":284,"date":"2020-08-05T10:38:32","date_gmt":"2020-08-05T08:38:32","guid":{"rendered":"https:\/\/www.strambach-immobilien.de\/?page_id=284"},"modified":"2023-02-07T09:50:49","modified_gmt":"2023-02-07T08:50:49","slug":"strambach-immobilien-3","status":"publish","type":"page","link":"https:\/\/www.strambach-immobilien.de\/","title":{"rendered":"Strambach Immobilien"},"content":{"rendered":"<p>[et_pb_section fb_built=&#8220;1&#8243; _builder_version=&#8220;4.4.7&#8243;][et_pb_row _builder_version=&#8220;4.4.7&#8243;][et_pb_column type=&#8220;4_4&#8243; _builder_version=&#8220;4.4.7&#8243;][et_pb_slider _builder_version=&#8220;4.4.7&#8243; header_font=&#8220;||||||||&#8220; body_font_size=&#8220;16px&#8220;][et_pb_slide heading=&#8220;regional&#8220; _builder_version=&#8220;4.4.7&#8243; body_font_size=&#8220;18px&#8220; background_color=&#8220;rgba(0,0,0,0)&#8220; background_enable_color=&#8220;on&#8220; background_image=&#8220;https:\/\/www.strambach-immobilien.de\/wp-content\/uploads\/2020\/08\/ape-mitte.jpg&#8220; background_enable_image=&#8220;on&#8220; text_shadow_style=&#8220;preset5&#8243;]<\/p>\n<div>Sie wollen ein Haus, eine Wohnung oder einen Bauplatz verkaufen?<\/div>\n<p>[\/et_pb_slide][et_pb_slide heading=&#8220;individuell&#8220; _builder_version=&#8220;4.4.7&#8243; body_font=&#8220;||||||||&#8220; body_font_size=&#8220;18px&#8220; background_color=&#8220;rgba(0,0,0,0)&#8220; background_enable_color=&#8220;on&#8220; background_image=&#8220;https:\/\/www.strambach-immobilien.de\/wp-content\/uploads\/2020\/08\/stramb4.jpg&#8220; background_enable_image=&#8220;on&#8220; text_shadow_style=&#8220;preset5&#8243;]<\/p>\n<div>Strambach Immobilien in Bad Boll<\/div>\n<p>[\/et_pb_slide][et_pb_slide heading=&#8220;engagiert&#8220; _builder_version=&#8220;4.4.7&#8243; background_color=&#8220;rgba(0,0,0,0)&#8220; background_enable_color=&#8220;on&#8220; background_image=&#8220;https:\/\/www.strambach-immobilien.de\/wp-content\/uploads\/2020\/08\/strambach-n.jpg&#8220; background_enable_image=&#8220;on&#8220; text_shadow_style=&#8220;preset5&#8243;]<\/p>\n<div><strong>Matthias Strambach,\u00a0<\/strong>Dipl.-Wirtsch.-Ing. (FH)<\/div>\n<p>[\/et_pb_slide][et_pb_slide heading=&#8220;unabh\u00e4ngig&#8220; _builder_version=&#8220;4.4.7&#8243; background_color=&#8220;rgba(0,0,0,0)&#8220; background_enable_color=&#8220;on&#8220; background_image=&#8220;https:\/\/www.strambach-immobilien.de\/wp-content\/uploads\/2020\/08\/ape3.jpg&#8220; background_enable_image=&#8220;on&#8220; text_shadow_style=&#8220;preset5&#8243;]<\/p>\n<p>\u201eMaximaler Einsatz f\u00fcr Ihre Immobilie\u201c<\/p>\n<p>[\/et_pb_slide][\/et_pb_slider][\/et_pb_column][\/et_pb_row][\/et_pb_section][et_pb_section fb_built=&#8220;1&#8243; disabled_on=&#8220;off|off|off&#8220; _builder_version=&#8220;4.4.7&#8243;][et_pb_row column_structure=&#8220;2_3,1_3&#8243; _builder_version=&#8220;4.4.7&#8243;][et_pb_column type=&#8220;2_3&#8243; _builder_version=&#8220;4.4.7&#8243;][et_pb_text _builder_version=&#8220;4.4.7&#8243; hover_enabled=&#8220;0&#8243;]<\/p>\n<h1 style=\"text-align: left;\"><span style=\"color: #99cc33;\">Regional, individuell, engagiert, unabh\u00e4ngig.<\/span><\/h1>\n<h1 style=\"text-align: left;\"><span style=\"color: #7cda24;\"><span style=\"color: #000000;\">Herzlich Willkommen bei Strambach Immobilien.<\/span><\/span><\/h1>\n<p style=\"text-align: left;\">Sie suchen einen regionalen, engagierten, individuellen und unabh\u00e4ngigen Ansprechpartner in Sachen Immobilien?<\/p>\n<ul style=\"text-align: left;\">\n<li>Dann ist Strambach Immobilien Ihr richtiger Partner!<\/li>\n<li>Bei uns stehen neben Immobilien speziell Sie als Verk\u00e4ufer, K\u00e4ufer oder Interessent mit Ihren individuellen W\u00fcnschen im Mittelpunkt.<\/li>\n<li>Ganz gleich ob Verkauf, Vermietung oder Kauf \u2013 wir helfen Ihnen gerne weiter.<\/li>\n<\/ul>\n<h2 style=\"text-align: left;\"><span style=\"color: #99cc33;\">Herausforderung Immobilien<\/span><\/h2>\n<ul style=\"text-align: left;\">\n<li>Verkauf, Kauf und Vermietung von Immobilien sind Vertrauenssache.<span class=\"Apple-converted-space\">\u00a0<\/span>Hierbei wollen wir Ihnen als kleines und regionales Immobilienb\u00fcro aus Bad Boll einen umfassenden Service bieten und Sie\u00a0<strong><span style=\"color: #99cc33;\">individuell, kompetent, engagiert und unabh\u00e4ngig\u00a0<\/span><\/strong>vom Erstkontakt bis zum erfolgreichen Vertragsabschluss begleiten.<\/li>\n<\/ul>\n<h2 style=\"text-align: left;\"><span style=\"color: #99cc33;\">Zusammenspiel<\/span><\/h2>\n<ul>\n<li style=\"text-align: left;\">Neben aussagekr\u00e4ftigen Expos\u00e9s und einer gezielten Vermarktung ist uns vor allem\u00a0<span style=\"color: #99cc33;\"><strong>ehrlicher und stetiger Kontakt\u00a0<\/strong><\/span>wichtig. Kommunikation und Vertrauen sind der Grundstein f\u00fcr eine erfolgreiche Zusammenarbeit.<\/li>\n<\/ul>\n<p>[\/et_pb_text][et_pb_divider _builder_version=&#8220;4.4.7&#8243;][\/et_pb_divider][et_pb_text _builder_version=&#8220;4.4.7&#8243; hover_enabled=&#8220;0&#8243;]<\/p>\n<p>Sprechen Sie uns einfach an! In einem pers\u00f6nlichen Gespr\u00e4ch k\u00f6nnen Sie sich ein Bild von Strambach Immobilien und unseren Werten machen.<\/p>\n<h2><span style=\"color: #99cc33;\">07164 804675<\/span><\/h2>\n<p>[\/et_pb_text][\/et_pb_column][et_pb_column type=&#8220;1_3&#8243; _builder_version=&#8220;4.4.7&#8243;][et_pb_image src=&#8220;https:\/\/www.strambach-immobilien.de\/wp-content\/uploads\/2020\/08\/Matthias_portrait.jpg&#8220; title_text=&#8220;Matthias_portrait&#8220; _builder_version=&#8220;4.4.7&#8243;][\/et_pb_image][et_pb_text disabled_on=&#8220;off|off|off&#8220; _builder_version=&#8220;4.4.7&#8243;]<\/p>\n<h4 class=\"et_pb_module_header\">Matthias Strambach<\/h4>\n<p class=\"et_pb_member_position\">Dipl.-Wirtsch.-Ing. (FH)<\/p>\n<div>\n<p>Immobilienmakler (IHK)<br \/>\nGepr\u00fcfter Immobilienmakler (AWI)<\/p>\n<p>Geboren in Kirchheim unter Teck und aufgewachsen in Hattenhofen und Bad Boll\u00a0bin ich seit jeher tief in unserer sch\u00f6nen und abwechslungsreichen Voralbregion verwurzelt.<\/p>\n<p>Nach dem Studium zum Dipl.-Wirtsch.-Ing. (FH) war ich seit 1994 im Vertrieb von Investitionsg\u00fctern t\u00e4tig, bevor ich mich auf die Vermittlung von Immobilien spezialisiert habe.<\/p>\n<\/div>\n<p>[\/et_pb_text][\/et_pb_column][\/et_pb_row][\/et_pb_section]<\/p>\n","protected":false},"excerpt":{"rendered":"<p>Sie wollen ein Haus, eine Wohnung oder einen Bauplatz verkaufen? Strambach Immobilien in Bad Boll Matthias Strambach,\u00a0Dipl.-Wirtsch.-Ing. (FH) \u201eMaximaler Einsatz f\u00fcr Ihre Immobilie\u201c Regional, individuell, engagiert, unabh\u00e4ngig. Herzlich Willkommen bei Strambach Immobilien. Sie suchen einen regionalen, engagierten, individuellen und unabh\u00e4ngigen Ansprechpartner in Sachen Immobilien? Dann ist Strambach Immobilien Ihr richtiger Partner! Bei uns stehen neben [&hellip;]<\/p>\n","protected":false},"author":1,"featured_media":0,"parent":0,"menu_order":0,"comment_status":"closed","ping_status":"closed","template":"","meta":{"_et_pb_use_builder":"on","_et_pb_old_content":"","_et_gb_content_width":"","footnotes":""},"class_list":["post-284","page","type-page","status-publish","hentry"],"yoast_head":"<!-- This site is optimized with the Yoast SEO plugin v25.2 - https:\/\/yoast.com\/wordpress\/plugins\/seo\/ -->\n<title>Strambach Immobilien in Bad Boll - Strambach Immobilien<\/title>\n<meta name=\"description\" content=\"Strambach Immobilien in Bad Boll: regional, individuell, engagiert, unabh\u00e4ngig. Wir finden die passende Immobilie f\u00fcr Sie.\" \/>\n<meta name=\"robots\" content=\"index, follow, max-snippet:-1, max-image-preview:large, max-video-preview:-1\" \/>\n<link rel=\"canonical\" href=\"https:\/\/www.strambach-immobilien.de\/\" \/>\n<meta property=\"og:locale\" content=\"de_DE\" \/>\n<meta property=\"og:type\" content=\"article\" \/>\n<meta property=\"og:title\" content=\"Strambach Immobilien in Bad Boll - Strambach Immobilien\" \/>\n<meta property=\"og:description\" content=\"Strambach Immobilien in Bad Boll: regional, individuell, engagiert, unabh\u00e4ngig. Wir finden die passende Immobilie f\u00fcr Sie.\" \/>\n<meta property=\"og:url\" content=\"https:\/\/www.strambach-immobilien.de\/\" \/>\n<meta property=\"og:site_name\" content=\"Strambach Immobilien\" \/>\n<meta property=\"article:modified_time\" content=\"2023-02-07T08:50:49+00:00\" \/>\n<meta name=\"twitter:card\" content=\"summary_large_image\" \/>\n<meta name=\"twitter:label1\" content=\"Gesch\u00e4tzte Lesezeit\" \/>\n\t<meta name=\"twitter:data1\" content=\"2\u00a0Minuten\" \/>\n<script type=\"application\/ld+json\" class=\"yoast-schema-graph\">{\"@context\":\"https:\/\/schema.org\",\"@graph\":[{\"@type\":\"WebPage\",\"@id\":\"https:\/\/www.strambach-immobilien.de\/\",\"url\":\"https:\/\/www.strambach-immobilien.de\/\",\"name\":\"Strambach Immobilien in Bad Boll - Strambach Immobilien\",\"isPartOf\":{\"@id\":\"https:\/\/www.strambach-immobilien.de\/#website\"},\"datePublished\":\"2020-08-05T08:38:32+00:00\",\"dateModified\":\"2023-02-07T08:50:49+00:00\",\"description\":\"Strambach Immobilien in Bad Boll: regional, individuell, engagiert, unabh\u00e4ngig. Wir finden die passende Immobilie f\u00fcr Sie.\",\"breadcrumb\":{\"@id\":\"https:\/\/www.strambach-immobilien.de\/#breadcrumb\"},\"inLanguage\":\"de\",\"potentialAction\":[{\"@type\":\"ReadAction\",\"target\":[\"https:\/\/www.strambach-immobilien.de\/\"]}]},{\"@type\":\"BreadcrumbList\",\"@id\":\"https:\/\/www.strambach-immobilien.de\/#breadcrumb\",\"itemListElement\":[{\"@type\":\"ListItem\",\"position\":1,\"name\":\"Startseite\",\"item\":\"https:\/\/www.strambach-immobilien.de\/\"},{\"@type\":\"ListItem\",\"position\":2,\"name\":\"Strambach Immobilien\"}]},{\"@type\":\"WebSite\",\"@id\":\"https:\/\/www.strambach-immobilien.de\/#website\",\"url\":\"https:\/\/www.strambach-immobilien.de\/\",\"name\":\"Strambach Immobilien\",\"description\":\"regional, individuell, engagiert, unabh\u00e4ngig\",\"potentialAction\":[{\"@type\":\"SearchAction\",\"target\":{\"@type\":\"EntryPoint\",\"urlTemplate\":\"https:\/\/www.strambach-immobilien.de\/?s={search_term_string}\"},\"query-input\":{\"@type\":\"PropertyValueSpecification\",\"valueRequired\":true,\"valueName\":\"search_term_string\"}}],\"inLanguage\":\"de\"}]}<\/script>\n<!-- \/ Yoast SEO plugin. -->","yoast_head_json":{"title":"Strambach Immobilien in Bad Boll - Strambach Immobilien","description":"Strambach Immobilien in Bad Boll: regional, individuell, engagiert, unabh\u00e4ngig. Wir finden die passende Immobilie f\u00fcr Sie.","robots":{"index":"index","follow":"follow","max-snippet":"max-snippet:-1","max-image-preview":"max-image-preview:large","max-video-preview":"max-video-preview:-1"},"canonical":"https:\/\/www.strambach-immobilien.de\/","og_locale":"de_DE","og_type":"article","og_title":"Strambach Immobilien in Bad Boll - Strambach Immobilien","og_description":"Strambach Immobilien in Bad Boll: regional, individuell, engagiert, unabh\u00e4ngig. Wir finden die passende Immobilie f\u00fcr Sie.","og_url":"https:\/\/www.strambach-immobilien.de\/","og_site_name":"Strambach Immobilien","article_modified_time":"2023-02-07T08:50:49+00:00","twitter_card":"summary_large_image","twitter_misc":{"Gesch\u00e4tzte Lesezeit":"2\u00a0Minuten"},"schema":{"@context":"https:\/\/schema.org","@graph":[{"@type":"WebPage","@id":"https:\/\/www.strambach-immobilien.de\/","url":"https:\/\/www.strambach-immobilien.de\/","name":"Strambach Immobilien in Bad Boll - Strambach Immobilien","isPartOf":{"@id":"https:\/\/www.strambach-immobilien.de\/#website"},"datePublished":"2020-08-05T08:38:32+00:00","dateModified":"2023-02-07T08:50:49+00:00","description":"Strambach Immobilien in Bad Boll: regional, individuell, engagiert, unabh\u00e4ngig. Wir finden die passende Immobilie f\u00fcr Sie.","breadcrumb":{"@id":"https:\/\/www.strambach-immobilien.de\/#breadcrumb"},"inLanguage":"de","potentialAction":[{"@type":"ReadAction","target":["https:\/\/www.strambach-immobilien.de\/"]}]},{"@type":"BreadcrumbList","@id":"https:\/\/www.strambach-immobilien.de\/#breadcrumb","itemListElement":[{"@type":"ListItem","position":1,"name":"Startseite","item":"https:\/\/www.strambach-immobilien.de\/"},{"@type":"ListItem","position":2,"name":"Strambach Immobilien"}]},{"@type":"WebSite","@id":"https:\/\/www.strambach-immobilien.de\/#website","url":"https:\/\/www.strambach-immobilien.de\/","name":"Strambach Immobilien","description":"regional, individuell, engagiert, unabh\u00e4ngig","potentialAction":[{"@type":"SearchAction","target":{"@type":"EntryPoint","urlTemplate":"https:\/\/www.strambach-immobilien.de\/?s={search_term_string}"},"query-input":{"@type":"PropertyValueSpecification","valueRequired":true,"valueName":"search_term_string"}}],"inLanguage":"de"}]}},"_links":{"self":[{"href":"https:\/\/www.strambach-immobilien.de\/index.php?rest_route=\/wp\/v2\/pages\/284"}],"collection":[{"href":"https:\/\/www.strambach-immobilien.de\/index.php?rest_route=\/wp\/v2\/pages"}],"about":[{"href":"https:\/\/www.strambach-immobilien.de\/index.php?rest_route=\/wp\/v2\/types\/page"}],"author":[{"embeddable":true,"href":"https:\/\/www.strambach-immobilien.de\/index.php?rest_route=\/wp\/v2\/users\/1"}],"replies":[{"embeddable":true,"href":"https:\/\/www.strambach-immobilien.de\/index.php?rest_route=%2Fwp%2Fv2%2Fcomments&post=284"}],"version-history":[{"count":62,"href":"https:\/\/www.strambach-immobilien.de\/index.php?rest_route=\/wp\/v2\/pages\/284\/revisions"}],"predecessor-version":[{"id":565,"href":"https:\/\/www.strambach-immobilien.de\/index.php?rest_route=\/wp\/v2\/pages\/284\/revisions\/565"}],"wp:attachment":[{"href":"https:\/\/www.strambach-immobilien.de\/index.php?rest_route=%2Fwp%2Fv2%2Fmedia&parent=284"}],"curies":[{"name":"wp","href":"https:\/\/api.w.org\/{rel}","templated":true}]}}