{"id":133,"date":"2020-05-22T14:55:46","date_gmt":"2020-05-22T12:55:46","guid":{"rendered":"https:\/\/www.strambach-immobilien.de\/?page_id=133"},"modified":"2020-08-25T09:52:36","modified_gmt":"2020-08-25T07:52:36","slug":"mein-service","status":"publish","type":"page","link":"https:\/\/www.strambach-immobilien.de\/?page_id=133","title":{"rendered":"Mein Service"},"content":{"rendered":"<p>[et_pb_section fb_built=&#8220;1&#8243; disabled_on=&#8220;on|on|on&#8220; _builder_version=&#8220;4.4.7&#8243; disabled=&#8220;on&#8220;][et_pb_row _builder_version=&#8220;4.4.7&#8243; animation_style=&#8220;fold&#8220; hover_transition_duration=&#8220;10ms&#8220; hover_transition_speed_curve=&#8220;ease-in-out&#8220; hover_transition_speed_curve_tablet=&#8220;&#8220; hover_transition_speed_curve_phone=&#8220;&#8220; hover_transition_speed_curve_last_edited=&#8220;on|desktop&#8220;][et_pb_column type=&#8220;4_4&#8243; _builder_version=&#8220;4.4.7&#8243;][et_pb_slider _builder_version=&#8220;4.4.7&#8243; custom_margin=&#8220;-64px|||||&#8220; hover_transition_speed_curve=&#8220;ease-in&#8220;][et_pb_slide heading=&#8220;Verkauf und Vermietung&#8220; _builder_version=&#8220;4.4.7&#8243; background_image=&#8220;https:\/\/www.strambach-immobilien.de\/wp-content\/uploads\/2020\/05\/aussen.jpg&#8220; background_enable_image=&#8220;on&#8220;]<\/p>\n<p>Pers\u00f6nliche Betreuung<\/p>\n<p>[\/et_pb_slide][\/et_pb_slider][\/et_pb_column][\/et_pb_row][\/et_pb_section][et_pb_section fb_built=&#8220;1&#8243; disabled_on=&#8220;off|off|off&#8220; _builder_version=&#8220;4.4.7&#8243;][et_pb_row _builder_version=&#8220;4.4.7&#8243;][et_pb_column type=&#8220;4_4&#8243; _builder_version=&#8220;4.4.7&#8243;][et_pb_slider _builder_version=&#8220;4.4.7&#8243; body_font_size=&#8220;18px&#8220; background_image=&#8220;https:\/\/www.strambach-immobilien.de\/wp-content\/uploads\/2020\/05\/schoene-wohnung.jpg&#8220; hover_enabled=&#8220;0&#8243;][et_pb_slide heading=&#8220;Verkauf und Vermietung&#8220; _builder_version=&#8220;4.4.7&#8243; hover_enabled=&#8220;0&#8243; text_shadow_style=&#8220;preset5&#8243;]<\/p>\n<p>Pers\u00f6nliche Betreuung<\/p>\n<p>[\/et_pb_slide][\/et_pb_slider][\/et_pb_column][\/et_pb_row][\/et_pb_section][et_pb_section fb_built=&#8220;1&#8243; _builder_version=&#8220;4.4.7&#8243;][et_pb_row _builder_version=&#8220;4.4.7&#8243;][et_pb_column type=&#8220;4_4&#8243; _builder_version=&#8220;4.4.7&#8243;][et_pb_text _builder_version=&#8220;4.4.7&#8243;]<\/p>\n<h1><span style=\"color: #99cc33;\">Mein Service<\/span><\/h1>\n<p><strong><span style=\"color: #99cc33;\">Sie m\u00f6chten eine Wohnung, ein Haus oder einen Bauplatz verkaufen? Sie m\u00f6chten eine Immobilie vermieten?<\/span><\/strong><\/p>\n<p>&nbsp;<\/p>\n<p>Mein Service f\u00fcr Sie:<\/p>\n<ul>\n<li>Zusammenf\u00fchrung aller zum Verkauf \/ zur Vermietung notwendigen Unterlagen.<\/li>\n<li>Markteinsch\u00e4tzung Ihrer Immobilie.<\/li>\n<li>Erarbeitung einer verkaufsoptimierten Vermarktungsstrategie.<\/li>\n<li>Erstellung eines aussagef\u00e4higen Expos\u00e9s f\u00fcr die Vermarktung sowie f\u00fcr Interessenten hinsichtlich Finanzierung.<\/li>\n<li>Durchf\u00fchrung der Besichtigungstermine.<\/li>\n<li>Qualifizierung der Kaufinteressenten (Mietiniteressenten), Unterst\u00fctzung bei Fragen hinsichtlich der Finanzierbarkeit und des Verkaufsablaufes (bei Mietinteressenten qualifizierte Vorauswahl, Bonit\u00e4tspr\u00fcfung, etc.).<\/li>\n<li>Betreuung bei der Verkaufsabwicklung bis zum Abschluss der notariellen Vertr\u00e4ge und nat\u00fcrlich noch dar\u00fcber hinaus (\u00dcbergabe, etc.).<\/li>\n<li>Seniorenservice = Unterst\u00fczung bei allen Fragen hinsichtlich Handwerker, Umzug, Entr\u00fcmpelung und dergleichen.<\/li>\n<\/ul>\n<p>&nbsp;<\/p>\n<p><strong><span style=\"color: #99cc33;\">\u2026 kurz gesagt: Individuelle und pers\u00f6nliche Betreuung vom Anfang bis zur \u00dcbergabe!<\/span><\/strong><\/p>\n<p>[\/et_pb_text][\/et_pb_column][\/et_pb_row][et_pb_row _builder_version=&#8220;4.4.7&#8243;][et_pb_column type=&#8220;4_4&#8243; _builder_version=&#8220;4.4.7&#8243;][et_pb_divider _builder_version=&#8220;4.4.7&#8243;][\/et_pb_divider][\/et_pb_column][\/et_pb_row][et_pb_row column_structure=&#8220;1_4,1_4,1_4,1_4&#8243; _builder_version=&#8220;4.4.7&#8243;][et_pb_column type=&#8220;1_4&#8243; _builder_version=&#8220;4.4.7&#8243;][et_pb_image src=&#8220;https:\/\/www.strambach-immobilien.de\/wp-content\/uploads\/2020\/05\/regional-individuell.jpg&#8220; title_text=&#8220;regional&#8220; _builder_version=&#8220;4.4.7&#8243;][\/et_pb_image][\/et_pb_column][et_pb_column type=&#8220;1_4&#8243; _builder_version=&#8220;4.4.7&#8243;][et_pb_image src=&#8220;https:\/\/www.strambach-immobilien.de\/wp-content\/uploads\/2020\/05\/schoene-wohnung.jpg&#8220; title_text=&#8220;schoene-wohnung&#8220; _builder_version=&#8220;4.4.7&#8243;][\/et_pb_image][\/et_pb_column][et_pb_column type=&#8220;1_4&#8243; _builder_version=&#8220;4.4.7&#8243;][et_pb_image src=&#8220;https:\/\/www.strambach-immobilien.de\/wp-content\/uploads\/2020\/05\/engagiert-unabhaengig.jpg&#8220; alt=&#8220;Strambach Immobilien&#8220; title_text=&#8220;engagiert-unabhaengig&#8220; _builder_version=&#8220;4.4.7&#8243;][\/et_pb_image][\/et_pb_column][et_pb_column type=&#8220;1_4&#8243; _builder_version=&#8220;4.4.7&#8243;][et_pb_image src=&#8220;https:\/\/www.strambach-immobilien.de\/wp-content\/uploads\/2020\/05\/4-zimmer.jpg&#8220; alt=&#8220;Wohnung kaufen&#8220; title_text=&#8220;4-zimmer&#8220; _builder_version=&#8220;4.4.7&#8243;][\/et_pb_image][\/et_pb_column][\/et_pb_row][\/et_pb_section]<\/p>\n","protected":false},"excerpt":{"rendered":"<p>Pers\u00f6nliche BetreuungPers\u00f6nliche BetreuungMein Service Sie m\u00f6chten eine Wohnung, ein Haus oder einen Bauplatz verkaufen? Sie m\u00f6chten eine Immobilie vermieten? &nbsp; Mein Service f\u00fcr Sie: Zusammenf\u00fchrung aller zum Verkauf \/ zur Vermietung notwendigen Unterlagen. Markteinsch\u00e4tzung Ihrer Immobilie. Erarbeitung einer verkaufsoptimierten Vermarktungsstrategie. Erstellung eines aussagef\u00e4higen Expos\u00e9s f\u00fcr die Vermarktung sowie f\u00fcr Interessenten hinsichtlich Finanzierung. Durchf\u00fchrung der Besichtigungstermine. [&hellip;]<\/p>\n","protected":false},"author":1,"featured_media":0,"parent":0,"menu_order":0,"comment_status":"closed","ping_status":"closed","template":"","meta":{"_et_pb_use_builder":"on","_et_pb_old_content":"","_et_gb_content_width":"","footnotes":""},"class_list":["post-133","page","type-page","status-publish","hentry"],"yoast_head":"<!-- This site is optimized with the Yoast SEO plugin v25.2 - https:\/\/yoast.com\/wordpress\/plugins\/seo\/ -->\n<title>Mein Service - Strambach Immobilien<\/title>\n<meta name=\"robots\" content=\"index, follow, max-snippet:-1, max-image-preview:large, max-video-preview:-1\" \/>\n<link rel=\"canonical\" href=\"https:\/\/www.strambach-immobilien.de\/?page_id=133\" \/>\n<meta property=\"og:locale\" content=\"de_DE\" \/>\n<meta property=\"og:type\" content=\"article\" \/>\n<meta property=\"og:title\" content=\"Mein Service - Strambach Immobilien\" \/>\n<meta property=\"og:description\" content=\"Pers\u00f6nliche BetreuungPers\u00f6nliche BetreuungMein Service Sie m\u00f6chten eine Wohnung, ein Haus oder einen Bauplatz verkaufen? Sie m\u00f6chten eine Immobilie vermieten? &nbsp; Mein Service f\u00fcr Sie: Zusammenf\u00fchrung aller zum Verkauf \/ zur Vermietung notwendigen Unterlagen. Markteinsch\u00e4tzung Ihrer Immobilie. Erarbeitung einer verkaufsoptimierten Vermarktungsstrategie. Erstellung eines aussagef\u00e4higen Expos\u00e9s f\u00fcr die Vermarktung sowie f\u00fcr Interessenten hinsichtlich Finanzierung. Durchf\u00fchrung der Besichtigungstermine. [&hellip;]\" \/>\n<meta property=\"og:url\" content=\"https:\/\/www.strambach-immobilien.de\/?page_id=133\" \/>\n<meta property=\"og:site_name\" content=\"Strambach Immobilien\" \/>\n<meta property=\"article:modified_time\" content=\"2020-08-25T07:52:36+00:00\" \/>\n<meta name=\"twitter:card\" content=\"summary_large_image\" \/>\n<meta name=\"twitter:label1\" content=\"Gesch\u00e4tzte Lesezeit\" \/>\n\t<meta name=\"twitter:data1\" content=\"3\u00a0Minuten\" \/>\n<script type=\"application\/ld+json\" class=\"yoast-schema-graph\">{\"@context\":\"https:\/\/schema.org\",\"@graph\":[{\"@type\":\"WebPage\",\"@id\":\"https:\/\/www.strambach-immobilien.de\/?page_id=133\",\"url\":\"https:\/\/www.strambach-immobilien.de\/?page_id=133\",\"name\":\"Mein Service - Strambach Immobilien\",\"isPartOf\":{\"@id\":\"https:\/\/www.strambach-immobilien.de\/#website\"},\"datePublished\":\"2020-05-22T12:55:46+00:00\",\"dateModified\":\"2020-08-25T07:52:36+00:00\",\"breadcrumb\":{\"@id\":\"https:\/\/www.strambach-immobilien.de\/?page_id=133#breadcrumb\"},\"inLanguage\":\"de\",\"potentialAction\":[{\"@type\":\"ReadAction\",\"target\":[\"https:\/\/www.strambach-immobilien.de\/?page_id=133\"]}]},{\"@type\":\"BreadcrumbList\",\"@id\":\"https:\/\/www.strambach-immobilien.de\/?page_id=133#breadcrumb\",\"itemListElement\":[{\"@type\":\"ListItem\",\"position\":1,\"name\":\"Startseite\",\"item\":\"https:\/\/www.strambach-immobilien.de\/\"},{\"@type\":\"ListItem\",\"position\":2,\"name\":\"Mein Service\"}]},{\"@type\":\"WebSite\",\"@id\":\"https:\/\/www.strambach-immobilien.de\/#website\",\"url\":\"https:\/\/www.strambach-immobilien.de\/\",\"name\":\"Strambach Immobilien\",\"description\":\"regional, individuell, engagiert, unabh\u00e4ngig\",\"potentialAction\":[{\"@type\":\"SearchAction\",\"target\":{\"@type\":\"EntryPoint\",\"urlTemplate\":\"https:\/\/www.strambach-immobilien.de\/?s={search_term_string}\"},\"query-input\":{\"@type\":\"PropertyValueSpecification\",\"valueRequired\":true,\"valueName\":\"search_term_string\"}}],\"inLanguage\":\"de\"}]}<\/script>\n<!-- \/ Yoast SEO plugin. -->","yoast_head_json":{"title":"Mein Service - Strambach Immobilien","robots":{"index":"index","follow":"follow","max-snippet":"max-snippet:-1","max-image-preview":"max-image-preview:large","max-video-preview":"max-video-preview:-1"},"canonical":"https:\/\/www.strambach-immobilien.de\/?page_id=133","og_locale":"de_DE","og_type":"article","og_title":"Mein Service - Strambach Immobilien","og_description":"Pers\u00f6nliche BetreuungPers\u00f6nliche BetreuungMein Service Sie m\u00f6chten eine Wohnung, ein Haus oder einen Bauplatz verkaufen? Sie m\u00f6chten eine Immobilie vermieten? &nbsp; Mein Service f\u00fcr Sie: Zusammenf\u00fchrung aller zum Verkauf \/ zur Vermietung notwendigen Unterlagen. Markteinsch\u00e4tzung Ihrer Immobilie. Erarbeitung einer verkaufsoptimierten Vermarktungsstrategie. Erstellung eines aussagef\u00e4higen Expos\u00e9s f\u00fcr die Vermarktung sowie f\u00fcr Interessenten hinsichtlich Finanzierung. Durchf\u00fchrung der Besichtigungstermine. [&hellip;]","og_url":"https:\/\/www.strambach-immobilien.de\/?page_id=133","og_site_name":"Strambach Immobilien","article_modified_time":"2020-08-25T07:52:36+00:00","twitter_card":"summary_large_image","twitter_misc":{"Gesch\u00e4tzte Lesezeit":"3\u00a0Minuten"},"schema":{"@context":"https:\/\/schema.org","@graph":[{"@type":"WebPage","@id":"https:\/\/www.strambach-immobilien.de\/?page_id=133","url":"https:\/\/www.strambach-immobilien.de\/?page_id=133","name":"Mein Service - Strambach Immobilien","isPartOf":{"@id":"https:\/\/www.strambach-immobilien.de\/#website"},"datePublished":"2020-05-22T12:55:46+00:00","dateModified":"2020-08-25T07:52:36+00:00","breadcrumb":{"@id":"https:\/\/www.strambach-immobilien.de\/?page_id=133#breadcrumb"},"inLanguage":"de","potentialAction":[{"@type":"ReadAction","target":["https:\/\/www.strambach-immobilien.de\/?page_id=133"]}]},{"@type":"BreadcrumbList","@id":"https:\/\/www.strambach-immobilien.de\/?page_id=133#breadcrumb","itemListElement":[{"@type":"ListItem","position":1,"name":"Startseite","item":"https:\/\/www.strambach-immobilien.de\/"},{"@type":"ListItem","position":2,"name":"Mein Service"}]},{"@type":"WebSite","@id":"https:\/\/www.strambach-immobilien.de\/#website","url":"https:\/\/www.strambach-immobilien.de\/","name":"Strambach Immobilien","description":"regional, individuell, engagiert, unabh\u00e4ngig","potentialAction":[{"@type":"SearchAction","target":{"@type":"EntryPoint","urlTemplate":"https:\/\/www.strambach-immobilien.de\/?s={search_term_string}"},"query-input":{"@type":"PropertyValueSpecification","valueRequired":true,"valueName":"search_term_string"}}],"inLanguage":"de"}]}},"_links":{"self":[{"href":"https:\/\/www.strambach-immobilien.de\/index.php?rest_route=\/wp\/v2\/pages\/133"}],"collection":[{"href":"https:\/\/www.strambach-immobilien.de\/index.php?rest_route=\/wp\/v2\/pages"}],"about":[{"href":"https:\/\/www.strambach-immobilien.de\/index.php?rest_route=\/wp\/v2\/types\/page"}],"author":[{"embeddable":true,"href":"https:\/\/www.strambach-immobilien.de\/index.php?rest_route=\/wp\/v2\/users\/1"}],"replies":[{"embeddable":true,"href":"https:\/\/www.strambach-immobilien.de\/index.php?rest_route=%2Fwp%2Fv2%2Fcomments&post=133"}],"version-history":[{"count":30,"href":"https:\/\/www.strambach-immobilien.de\/index.php?rest_route=\/wp\/v2\/pages\/133\/revisions"}],"predecessor-version":[{"id":514,"href":"https:\/\/www.strambach-immobilien.de\/index.php?rest_route=\/wp\/v2\/pages\/133\/revisions\/514"}],"wp:attachment":[{"href":"https:\/\/www.strambach-immobilien.de\/index.php?rest_route=%2Fwp%2Fv2%2Fmedia&parent=133"}],"curies":[{"name":"wp","href":"https:\/\/api.w.org\/{rel}","templated":true}]}}